{"id":33,"date":"2014-07-29T12:12:22","date_gmt":"2014-07-29T12:12:22","guid":{"rendered":"http:\/\/martalosada.com\/?page_id=33"},"modified":"2022-12-08T08:28:29","modified_gmt":"2022-12-08T08:28:29","slug":"literatura","status":"publish","type":"page","link":"https:\/\/martalosada.com\/?page_id=33","title":{"rendered":"CONTACTO"},"content":{"rendered":"<h2>Contacto de Marta Losada, Abogada en Gij\u00f3n<\/h2>\n<p>Desde <strong>Marta Losada, Abogada<\/strong> te ofrezco los <strong>datos de contacto<\/strong> para que puedas acudir a uno de los mejores despachos de <strong>Gij\u00f3n<\/strong>.<\/p>\n<p>Cuento con una amplia experiencia en el campo legal, sobre todo en materia de impuestos. Domino el derecho financiero y tributario gracias, entre otras razones, a la formaci\u00f3n recibida por profesionales de la Agencia Tributaria de Gij\u00f3n.<\/p>\n<p>Te proporciono mi <strong>contacto<\/strong> para que puedas acudir a mi despacho en caso de requerir mis servicios. Y mi <strong>n\u00famero de tel\u00e9fono<\/strong> por si tan solo tienes una duda puntual o es un <strong>asunto m\u00e1s urgente<\/strong>.<\/p>\n<h3 style=\"text-align: center;\">Contacto<\/h3>\n<p style=\"text-align: center;\">C\/ Alvarez Garaya 13, 1\u00ba<\/p>\n<p style=\"text-align: center;\">33206 Gij\u00f3n<\/p>\n<p style=\"text-align: center;\">Espa\u00f1a<\/p>\n<p style=\"text-align: center;\">Atenci\u00f3n telef\u00f3nica en <strong>horario ininterrumpido<\/strong> las 24 horas los 365 d\u00edas al a\u00f1o. <strong>Tel\u00e9fono<\/strong>: +34 985 33 91 31<\/p>\n<p style=\"text-align: center;\">Cita previa:<\/p>\n<p style=\"text-align: center;\"><strong>Tel\u00e9fono<\/strong>: +34 667 54 01 16\u00a0 \/ +34 985 33 91 31<\/p>\n<p style=\"text-align: center;\"><strong>Correo electr\u00f3nico: <a href=\"mailto: info@martalosada.com\">martalosadaletrada@gmail.com<\/a><\/strong><\/p>\n<p style=\"text-align: center;\"><iframe src=\"https:\/\/maps.google.es\/maps?cbll=43.540753,-5.665804&amp;layer=c&amp;panoid=t0nsvIiKB_Wqop5gHba4EA&amp;cbp=12,72.12,,0,8.18&amp;ie=UTF8&amp;ll=43.510713,-5.624313&amp;spn=0.28186,0.676346&amp;t=h&amp;z=11&amp;source=embed&amp;output=svembed\" width=\"467\" height=\"385\" frameborder=\"0\" marginwidth=\"0\" marginheight=\"0\" scrolling=\"no\"><\/iframe><\/p>\n<p>&nbsp;<\/p>\n<p>&nbsp;<\/p>\n<p>&nbsp;<\/p>\n","protected":false},"excerpt":{"rendered":"<p>Contacto de Marta Losada, Abogada en Gij\u00f3n Desde Marta Losada, Abogada te ofrezco los datos de contacto para que puedas acudir a [&hellip;]<\/p>\n","protected":false},"author":1,"featured_media":0,"parent":0,"menu_order":3,"comment_status":"closed","ping_status":"open","template":"elementor_header_footer","meta":{"_monsterinsights_skip_tracking":false,"_monsterinsights_sitenote_active":false,"_monsterinsights_sitenote_note":"","_monsterinsights_sitenote_category":0,"footnotes":""},"class_list":["post-33","page","type-page","status-publish","hentry"],"amp_enabled":false,"_links":{"self":[{"href":"https:\/\/martalosada.com\/index.php?rest_route=\/wp\/v2\/pages\/33","targetHints":{"allow":["GET"]}}],"collection":[{"href":"https:\/\/martalosada.com\/index.php?rest_route=\/wp\/v2\/pages"}],"about":[{"href":"https:\/\/martalosada.com\/index.php?rest_route=\/wp\/v2\/types\/page"}],"author":[{"embeddable":true,"href":"https:\/\/martalosada.com\/index.php?rest_route=\/wp\/v2\/users\/1"}],"replies":[{"embeddable":true,"href":"https:\/\/martalosada.com\/index.php?rest_route=%2Fwp%2Fv2%2Fcomments&post=33"}],"version-history":[{"count":15,"href":"https:\/\/martalosada.com\/index.php?rest_route=\/wp\/v2\/pages\/33\/revisions"}],"predecessor-version":[{"id":4678,"href":"https:\/\/martalosada.com\/index.php?rest_route=\/wp\/v2\/pages\/33\/revisions\/4678"}],"wp:attachment":[{"href":"https:\/\/martalosada.com\/index.php?rest_route=%2Fwp%2Fv2%2Fmedia&parent=33"}],"curies":[{"name":"wp","href":"https:\/\/api.w.org\/{rel}","templated":true}]}}