{"id":4387,"date":"2020-01-17T10:26:55","date_gmt":"2020-01-17T10:26:55","guid":{"rendered":"http:\/\/martalosada.com\/?page_id=4387"},"modified":"2021-09-30T10:50:14","modified_gmt":"2021-09-30T10:50:14","slug":"derecho-civil","status":"publish","type":"page","link":"https:\/\/martalosada.com\/?page_id=4387","title":{"rendered":"Abogada especialista en derecho civil: asesoramiento y defensa"},"content":{"rendered":"<p>El Derecho Civil, \u00e1rea de especializaci\u00f3n de mi despacho, est\u00e1 dividido en diferentes materias seg\u00fan los derechos y obligaciones que afecten de manera personal a los individuos en sus relaciones con otros sujetos o con las instituciones p\u00fablicas y privadas.<\/p>\n<p>Es una parte del Derecho de la que estoy enamorada puesto que trata de regular las relaciones sociales, econ\u00f3micas y culturales derivadas de la cotidianeidad.<\/p>\n<p>En muchas ocasiones, antes de decir o hacer algo, es indispensable el consejo de un <strong>abogado especialista en derecho civil<\/strong> para obtener el mayor beneficio de la circunstancia que motiva dichas consultas. Lo mismo ocurre cuando la duda recae en una posible abstenci\u00f3n por parte de la persona involucrada.<\/p>\n<p>Unas veces mi trabajo consiste en poner en pr\u00e1ctica los conocimientos adquiridos a lo largo de la carrera y la trayectoria profesional con el fin de <strong>asesorar<\/strong> con esmero a cada asunto particular. Otras veces, radica en proporcionar una <strong>defensa<\/strong> en base a una excelente argumentaci\u00f3n jur\u00eddica. Argumentar los actos u omisiones de una persona, un determinado momento y bajo unas circunstancias concretas, es razonar de manera detallada todo el conjunto normativo referido a ese caso concreto ante los tribunales.<\/p>\n<p>En definitiva, estudio y aplico las normas jur\u00eddicas reguladoras de este Derecho Privado cuyo <strong>protagonista es la persona<\/strong> f\u00edsica o natural para que todo el que se ponga en contacto conmigo pueda vivir en armon\u00eda con la sociedad.<br \/>\nDentro de toda la amplitud que abarca esta rama de nuestro ordenamiento jur\u00eddico soy abogada especialista en derecho civil concretamente en:<\/p>\n<ul>\n<li>Reclamaciones a las compa\u00f1\u00edas aseguradoras<\/li>\n<li>Derecho hereditario<\/li>\n<\/ul>\n<p>&nbsp;<\/p>\n","protected":false},"excerpt":{"rendered":"<p>El Derecho Civil, \u00e1rea de especializaci\u00f3n de mi despacho, est\u00e1 dividido en diferentes materias seg\u00fan los derechos y obligaciones que afecten de [&hellip;]<\/p>\n","protected":false},"author":1,"featured_media":0,"parent":0,"menu_order":0,"comment_status":"closed","ping_status":"closed","template":"elementor_header_footer","meta":{"_monsterinsights_skip_tracking":false,"_monsterinsights_sitenote_active":false,"_monsterinsights_sitenote_note":"","_monsterinsights_sitenote_category":0,"footnotes":""},"class_list":["post-4387","page","type-page","status-publish","hentry"],"amp_enabled":false,"_links":{"self":[{"href":"https:\/\/martalosada.com\/index.php?rest_route=\/wp\/v2\/pages\/4387","targetHints":{"allow":["GET"]}}],"collection":[{"href":"https:\/\/martalosada.com\/index.php?rest_route=\/wp\/v2\/pages"}],"about":[{"href":"https:\/\/martalosada.com\/index.php?rest_route=\/wp\/v2\/types\/page"}],"author":[{"embeddable":true,"href":"https:\/\/martalosada.com\/index.php?rest_route=\/wp\/v2\/users\/1"}],"replies":[{"embeddable":true,"href":"https:\/\/martalosada.com\/index.php?rest_route=%2Fwp%2Fv2%2Fcomments&post=4387"}],"version-history":[{"count":7,"href":"https:\/\/martalosada.com\/index.php?rest_route=\/wp\/v2\/pages\/4387\/revisions"}],"predecessor-version":[{"id":4613,"href":"https:\/\/martalosada.com\/index.php?rest_route=\/wp\/v2\/pages\/4387\/revisions\/4613"}],"wp:attachment":[{"href":"https:\/\/martalosada.com\/index.php?rest_route=%2Fwp%2Fv2%2Fmedia&parent=4387"}],"curies":[{"name":"wp","href":"https:\/\/api.w.org\/{rel}","templated":true}]}}