{"id":4656,"date":"2022-09-21T10:35:46","date_gmt":"2022-09-21T10:35:46","guid":{"rendered":"https:\/\/martalosada.com\/?page_id=4656"},"modified":"2022-10-06T17:52:02","modified_gmt":"2022-10-06T17:52:02","slug":"cual-es-la-diferencia-entre-la-custodia-compartida-y-el-regimen-de-visitas","status":"publish","type":"page","link":"https:\/\/martalosada.com\/?page_id=4656","title":{"rendered":"Cu\u00e1l es la diferencia entre la custodia compartida y el r\u00e9gimen de visitas"},"content":{"rendered":"<p style=\"text-align: center;\"><img fetchpriority=\"high\" decoding=\"async\" class=\"alignnone size-medium wp-image-4670\" src=\"https:\/\/martalosada.com\/wp-content\/uploads\/2022\/10\/Nino-jugando-300x200.jpg\" alt=\"\" width=\"300\" height=\"200\" srcset=\"https:\/\/martalosada.com\/wp-content\/uploads\/2022\/10\/Nino-jugando-300x200.jpg 300w, https:\/\/martalosada.com\/wp-content\/uploads\/2022\/10\/Nino-jugando-1024x683.jpg 1024w, https:\/\/martalosada.com\/wp-content\/uploads\/2022\/10\/Nino-jugando-768x512.jpg 768w, https:\/\/martalosada.com\/wp-content\/uploads\/2022\/10\/Nino-jugando-1536x1024.jpg 1536w, https:\/\/martalosada.com\/wp-content\/uploads\/2022\/10\/Nino-jugando-2048x1365.jpg 2048w, https:\/\/martalosada.com\/wp-content\/uploads\/2022\/10\/Nino-jugando-1000x667.jpg 1000w, https:\/\/martalosada.com\/wp-content\/uploads\/2022\/10\/Nino-jugando-230x153.jpg 230w, https:\/\/martalosada.com\/wp-content\/uploads\/2022\/10\/Nino-jugando-350x233.jpg 350w, https:\/\/martalosada.com\/wp-content\/uploads\/2022\/10\/Nino-jugando-480x320.jpg 480w\" sizes=\"(max-width: 300px) 100vw, 300px\" \/><\/p>\n<p>Las cuestiones principales que se abordan para exponer de forma clara la <strong>diferencia entre custodia compartida y r\u00e9gimen de visitas<\/strong> son de \u00edndole econ\u00f3mica y personal.<\/p>\n<p>Siempre en inter\u00e9s del menor el juez conceder\u00e1 una custodia monoparental o una guarda y custodia compartida entre ambos progenitores.<\/p>\n<h2>Diferencia entre custodia compartida y r\u00e9gimen de visitas<\/h2>\n<p>En primer lugar, el progenitor a quien no le haya sido concedida una guarda y custodia <strong>ni compartida ni exclusiva<\/strong> ha de saber que, salvo delitos graves tales como abuso sexual, <strong>conservar\u00e1 la patria potestad<\/strong>. Es decir, a todos los efectos seguir\u00e1 siendo su hijo. Por lo que como progenitor que es tendr\u00e1 una serie derechos y obligaciones.<\/p>\n<p>En caso de guarda y custodia monoparental, la ley otorga al progenitor no custodio el derecho a un<strong> r\u00e9gimen de visitas amplio o no<\/strong>. No solo es razonable para el padre o madre no custodio el derecho a ver su hijo sino que es un derecho rec\u00edproco, pues el hijo tambi\u00e9n tiene ese mismo derecho, ya que se considera un inter\u00e9s para el menor la relaci\u00f3n con ambos.<\/p>\n<p>Por otra parte, en este primer caso, el padre o madre no custodio tendr\u00e1 que realizar un abono mensual en concepto de pensi\u00f3n de alimentos para hacerse cargo de los gastos ordinarios del menor.<\/p>\n<p>Por \u00faltimo, en el supuesto de <strong>guarda y custodia compartida<\/strong>, por regla general no se concede el pago de una pensi\u00f3n de alimentos. Pero siempre hay unos gastos ordinarios como lo es el colegio tanto p\u00fablico como privado, as\u00ed como el uniforme, los libros etc., que tendr\u00e1n que ser abonados en com\u00fan por ambos progenitores y para eso se crea una cuenta en com\u00fan y cada progenitor aportar\u00e1 seg\u00fan su patrimonio.<\/p>\n<p>Adem\u00e1s, en este caso de guarda y custodia compartida tampoco se estipular\u00e1 r\u00e9gimen de visitas.<\/p>\n<p>Vista la diferencia entre la custodia compartida y el r\u00e9gimen de visitas conviene saber que en caso de existir una modificaci\u00f3n de las circunstancias se puede solicitar al juez una modificaci\u00f3n de la sentencia. Adem\u00e1s, ambas partes de mutuo acuerdo pueden solicitar al juez una modificaci\u00f3n del convenio regulador ratificado ante el juez.<\/p>\n","protected":false},"excerpt":{"rendered":"<p>Las cuestiones principales que se abordan para exponer de forma clara la diferencia entre custodia compartida y r\u00e9gimen de visitas son de [&hellip;]<\/p>\n","protected":false},"author":1,"featured_media":0,"parent":0,"menu_order":0,"comment_status":"closed","ping_status":"closed","template":"","meta":{"_monsterinsights_skip_tracking":false,"_monsterinsights_sitenote_active":false,"_monsterinsights_sitenote_note":"","_monsterinsights_sitenote_category":0,"footnotes":""},"class_list":["post-4656","page","type-page","status-publish","hentry"],"amp_enabled":true,"_links":{"self":[{"href":"https:\/\/martalosada.com\/index.php?rest_route=\/wp\/v2\/pages\/4656","targetHints":{"allow":["GET"]}}],"collection":[{"href":"https:\/\/martalosada.com\/index.php?rest_route=\/wp\/v2\/pages"}],"about":[{"href":"https:\/\/martalosada.com\/index.php?rest_route=\/wp\/v2\/types\/page"}],"author":[{"embeddable":true,"href":"https:\/\/martalosada.com\/index.php?rest_route=\/wp\/v2\/users\/1"}],"replies":[{"embeddable":true,"href":"https:\/\/martalosada.com\/index.php?rest_route=%2Fwp%2Fv2%2Fcomments&post=4656"}],"version-history":[{"count":3,"href":"https:\/\/martalosada.com\/index.php?rest_route=\/wp\/v2\/pages\/4656\/revisions"}],"predecessor-version":[{"id":4672,"href":"https:\/\/martalosada.com\/index.php?rest_route=\/wp\/v2\/pages\/4656\/revisions\/4672"}],"wp:attachment":[{"href":"https:\/\/martalosada.com\/index.php?rest_route=%2Fwp%2Fv2%2Fmedia&parent=4656"}],"curies":[{"name":"wp","href":"https:\/\/api.w.org\/{rel}","templated":true}]}}